{"id":1004,"date":"2021-01-11T05:00:31","date_gmt":"2021-01-11T05:00:31","guid":{"rendered":"http:\/\/computaciontoliman.com\/?page_id=1004"},"modified":"2021-01-12T08:24:24","modified_gmt":"2021-01-12T08:24:24","slug":"enlaces-de-interes","status":"publish","type":"page","link":"https:\/\/computaciontoliman.com\/?page_id=1004","title":{"rendered":"Enlaces de inter\u00e9s"},"content":{"rendered":"<p><a href=\"https:\/\/covid19.gob.gt\/\" target=\"_blank\" rel=\"noopener noreferrer\">Situaci\u00f3n del COVID-19 en Guatemala<\/a><br \/>\n<a href=\"https:\/\/covid19.gob.gt\/semaforo.html\" target=\"_blank\" rel=\"noopener noreferrer\">Nivel de alerta por regi\u00f3n<\/a><br \/>\n<a href=\"https:\/\/www.prensalibre.com\/\" target=\"_blank\" rel=\"noopener noreferrer\">Informaci\u00f3n prensa libre<\/a><\/p>\n<p><a href=\"https:\/\/radiotvsanlucastoliman.wordpress.com\/2020\/12\/29\/ministerio-de-salud-establece-normas-sanitarias-para-la-prevencion-y-control-del-covid-19-y-otras-epidemias-en-los-centros-educativos-del-pais\/?fbclid=IwAR3Tlh-P2Fpp-zjXP_0pqND3K5yf9ePDVNy5ByrTFGPePCJiU2_1vMhEHSc\" target=\"_blank\" rel=\"noopener noreferrer\">Norma sanitaria para prevenci\u00f3n y control de infecciones para los Centros del Sistema Educativo Nacional<\/a><\/p>\n","protected":false},"excerpt":{"rendered":"<p>Situaci\u00f3n del COVID-19 en Guatemala Nivel de alerta por regi\u00f3n Informaci\u00f3n prensa libre Norma sanitaria para prevenci\u00f3n y control de infecciones para los Centros del Sistema Educativo Nacional<\/p>\n","protected":false},"author":2,"featured_media":0,"parent":0,"menu_order":0,"comment_status":"closed","ping_status":"closed","template":"","meta":{"footnotes":""},"class_list":["post-1004","page","type-page","status-publish","hentry"],"_links":{"self":[{"href":"https:\/\/computaciontoliman.com\/index.php?rest_route=\/wp\/v2\/pages\/1004","targetHints":{"allow":["GET"]}}],"collection":[{"href":"https:\/\/computaciontoliman.com\/index.php?rest_route=\/wp\/v2\/pages"}],"about":[{"href":"https:\/\/computaciontoliman.com\/index.php?rest_route=\/wp\/v2\/types\/page"}],"author":[{"embeddable":true,"href":"https:\/\/computaciontoliman.com\/index.php?rest_route=\/wp\/v2\/users\/2"}],"replies":[{"embeddable":true,"href":"https:\/\/computaciontoliman.com\/index.php?rest_route=%2Fwp%2Fv2%2Fcomments&post=1004"}],"version-history":[{"count":15,"href":"https:\/\/computaciontoliman.com\/index.php?rest_route=\/wp\/v2\/pages\/1004\/revisions"}],"predecessor-version":[{"id":1039,"href":"https:\/\/computaciontoliman.com\/index.php?rest_route=\/wp\/v2\/pages\/1004\/revisions\/1039"}],"wp:attachment":[{"href":"https:\/\/computaciontoliman.com\/index.php?rest_route=%2Fwp%2Fv2%2Fmedia&parent=1004"}],"curies":[{"name":"wp","href":"https:\/\/api.w.org\/{rel}","templated":true}]}}