{"id":1022,"date":"2021-01-11T05:53:18","date_gmt":"2021-01-11T05:53:18","guid":{"rendered":"http:\/\/computaciontoliman.com\/?page_id=1022"},"modified":"2026-02-07T05:45:09","modified_gmt":"2026-02-07T05:45:09","slug":"calendario","status":"publish","type":"page","link":"https:\/\/computaciontoliman.com\/?page_id=1022","title":{"rendered":"Documentos"},"content":{"rendered":"<p><b><a href=\"https:\/\/drive.google.com\/drive\/folders\/1GbziKBIwoO01RvkbMnLFmfpPE4v8Bdzg?usp=sharing\" target=\"_blank\" rel=\"noopener noreferrer\">BASE DE DATOS DIPLOMAS Y CERTIFICADOS<\/a><\/b><\/p>\n<p><b><a href=\"https:\/\/drive.google.com\/file\/d\/1Z9aOGIuJNRvnJykqY_sOa7aaTNWmCtIB\/view?usp=sharing\" target=\"_blank\" rel=\"noopener noreferrer\">VOLANTE 2026<\/a><\/b><\/p>\n<p><b>EVALUACI\u00d3N DE INSTRUCTORES (A)<\/b><br \/>\nPor favor, responder esta evaluaci\u00f3n una vez al mes<br \/>\n<a href=\"https:\/\/docs.google.com\/forms\/d\/e\/1FAIpQLSe-PQ7B0FWutFVhMgYSAhvmyGGmiN8m9QUf8SVxCWHglssa0Q\/viewform\" target=\"_blank\" rel=\"noopener noreferrer\">Iniciar evaluaci\u00f3n<\/a><\/p>\n","protected":false},"excerpt":{"rendered":"<p>BASE DE DATOS DIPLOMAS Y CERTIFICADOS VOLANTE 2026 EVALUACI\u00d3N DE INSTRUCTORES (A) Por favor, responder esta evaluaci\u00f3n una vez al mes Iniciar evaluaci\u00f3n<\/p>\n","protected":false},"author":2,"featured_media":0,"parent":0,"menu_order":0,"comment_status":"closed","ping_status":"closed","template":"","meta":{"footnotes":""},"class_list":["post-1022","page","type-page","status-publish","hentry"],"_links":{"self":[{"href":"https:\/\/computaciontoliman.com\/index.php?rest_route=\/wp\/v2\/pages\/1022","targetHints":{"allow":["GET"]}}],"collection":[{"href":"https:\/\/computaciontoliman.com\/index.php?rest_route=\/wp\/v2\/pages"}],"about":[{"href":"https:\/\/computaciontoliman.com\/index.php?rest_route=\/wp\/v2\/types\/page"}],"author":[{"embeddable":true,"href":"https:\/\/computaciontoliman.com\/index.php?rest_route=\/wp\/v2\/users\/2"}],"replies":[{"embeddable":true,"href":"https:\/\/computaciontoliman.com\/index.php?rest_route=%2Fwp%2Fv2%2Fcomments&post=1022"}],"version-history":[{"count":22,"href":"https:\/\/computaciontoliman.com\/index.php?rest_route=\/wp\/v2\/pages\/1022\/revisions"}],"predecessor-version":[{"id":5419,"href":"https:\/\/computaciontoliman.com\/index.php?rest_route=\/wp\/v2\/pages\/1022\/revisions\/5419"}],"wp:attachment":[{"href":"https:\/\/computaciontoliman.com\/index.php?rest_route=%2Fwp%2Fv2%2Fmedia&parent=1022"}],"curies":[{"name":"wp","href":"https:\/\/api.w.org\/{rel}","templated":true}]}}