{"id":46,"date":"2013-12-11T17:11:59","date_gmt":"2013-12-11T17:11:59","guid":{"rendered":"http:\/\/computaciontoliman.com\/?page_id=46"},"modified":"2018-12-19T20:07:10","modified_gmt":"2018-12-19T20:07:10","slug":"cursos","status":"publish","type":"page","link":"https:\/\/computaciontoliman.com\/?page_id=46","title":{"rendered":"Diplomados"},"content":{"rendered":"<ul>\n<li>Tecnolog\u00edas de la Informaci\u00f3n y la Comunicaci\u00f3n TIC<\/li>\n<li>Mecanograf\u00eda B\u00e1sica<\/li>\n<li>Mecan\u00f3grafo Computarizado<\/li>\n<li>T\u00e9cnico en Computaci\u00f3n B\u00e1sica<\/li>\n<li>T\u00e9cnico Operador de Computadoras<\/li>\n<li>T\u00e9cnico en Dise\u00f1o Gr\u00e1fico<\/li>\n<li>T\u00e9cnico en Dise\u00f1o de P\u00e1ginas Web<\/li>\n<li>T\u00e9cnico en Mantenimiento y Reparaci\u00f3n de Computadoras <b>Port\u00e1tiles y de Escritorios<\/b><\/li>\n<li>T\u00e9cnico en Programaci\u00f3n<\/li>\n<li>T\u00e9cnico en Redes y Cableado Estructurado<\/li>\n<\/ul>\n<p><b>ESTOS SON LOS CONTENIDOS DE LOS DIPLOMADOS<\/b><\/p>\n<ul>\n<li><strong>\u00a0 Tecnolog\u00edas de la Informaci\u00f3n y la Comunicaci\u00f3n TIC<br \/>\n<\/strong><\/li>\n<\/ul>\n<p style=\"text-align: justify;\">Este nuevo servicio est\u00e1 aplicado a los estudiantes de primero, segundo y tercero b\u00e1sico, estar\u00e1n realizando la capacitaci\u00f3n en el Internet a un 100% de su aprendizaje, la capacitaci\u00f3n tiene una duraci\u00f3n de diez meses empezando de enero hasta octubre, al terminar el curso se les otorgar\u00e1n un certificado por grado.<\/p>\n<p>La inscripci\u00f3n es de <strong>Q 25.00<\/strong> y la colegiatura es de <strong>Q 50.00<\/strong><\/p>\n<ul>\n<li>\u00a0<strong>Mecanograf\u00eda B\u00e1sica<\/strong><\/li>\n<\/ul>\n<p style=\"text-align: justify;\">Este servicio est\u00e1 aplicado a los estudiantes de primero, segundo y tercero b\u00e1sico,\u00a0desarrollar\u00e1n las habilidades mecanogr\u00e1ficas y aprender\u00e1n realizar b\u00fasquedas en el INTERNET, tiene una duraci\u00f3n de diez meses, empezando de enero a octubre.<\/p>\n<p>La inscripci\u00f3n es de <strong>Q 25.00<\/strong> y la colegiatura es de <strong>Q 30.00<\/strong><\/p>\n<ul>\n<li><strong>Mecan\u00f3grafo Computarizado<\/strong><\/li>\n<\/ul>\n<p style=\"text-align: justify;\">En esta capacitaci\u00f3n los estudiantes aplicar\u00e1n habilidades mecanogr\u00e1ficas y aprender\u00e1n a utilizar el INTERNET a un 100% de su aprendizaje, tiene una duraci\u00f3n de diez meses, empezando de enero a octubre.<\/p>\n<p>La inscripci\u00f3n es de <strong>Q 25.00<\/strong> y la colegiatura es de <strong>Q 30.00<\/strong><\/p>\n<ul>\n<li><strong>T\u00e9cnico en Computaci\u00f3n B\u00e1sica<\/strong><\/li>\n<\/ul>\n<p style=\"text-align: justify;\">En este diplomado los estudiantes aprender\u00e1n a dominar los cursos de Microsoft Word, Excel, Internet y Windows, la capacitaci\u00f3n tiene una duraci\u00f3n de once meses empezando desde el mes de enero hasta el mes de noviembre, se les acreditar\u00e1n Certificados firmados por el Ministerio de Educaci\u00f3n por cursos aprobados y tambi\u00e9n se les tramitar\u00e1n el diplomado a la direcci\u00f3n departamenteal de educaci\u00f3n extraescolar.<\/p>\n<p>La inscripci\u00f3n es de <strong>Q 25.00<\/strong> y la colegiatura es de <strong>Q 75.00<\/strong><\/p>\n<ul>\n<li><strong>T\u00e9cnico Operador de Computadoras<\/strong><\/li>\n<\/ul>\n<p style=\"text-align: justify;\">En este diplomado los estudiantes aprender\u00e1n a dominar los cursos de Microsoft Word, Excel, Windows, PowerPoint, Publisher, Internet y Access, la capacitaci\u00f3n tiene una duraci\u00f3n de diesiocho meses empezando desde el mes de enero hasta el mes de noviembre, se les acreditar\u00e1n Diplomas firmados por el Ministerio de Educaci\u00f3n por cursos aprobados y tambi\u00e9n se les tramitar\u00e1n el diplomado a la direcci\u00f3n departamenteal de educaci\u00f3n extraescolar.<\/p>\n<p>La inscripci\u00f3n es de <strong>Q 25.00<\/strong> y la colegiatura es de <strong>Q 100.00<\/strong><\/p>\n<ul>\n<li><strong>T\u00e9cnico en Dise\u00f1o Gr\u00e1fico<\/strong><\/li>\n<\/ul>\n<p style=\"text-align: justify;\">En este diplomado los estudiantes aprender\u00e1n a dominar los cursos de InDesign, IIIustrator, Corel Draw, Photoshop, Flash nivel inicial, FreeHand, Fireworks y Autocad, la capacitaci\u00f3n tiene una duraci\u00f3n de once meses empezando desde el mes de enero hasta el mes de noviembre, se les acreditar\u00e1n Diplomas firmados por el Ministerio de Educaci\u00f3n por cursos aprobados y tambi\u00e9n se les tramitar\u00e1n el diplomado a la direcci\u00f3n departamenteal de educaci\u00f3n extraescolar.<\/p>\n<p>La inscripci\u00f3n es de <strong>Q 50.00<\/strong> y la colegiatura es de <strong>Q 100.00<\/strong><\/p>\n<ul>\n<li><strong>T\u00e9cnico en Dise\u00f1o de P\u00e1ginas Web<\/strong><\/li>\n<\/ul>\n<p style=\"text-align: justify;\">En este diplomado los estudiantes aprender\u00e1n a dominar los cursos de Flash nivel Inicial, Flash nivel Avanzado, Fireworks, Dreamweaver y Taller Web SEO, la capacitaci\u00f3n tiene una duraci\u00f3n de once meses empezando desde el mes de enero hasta el mes de noviembre, se les acreditar\u00e1n Diplomas firmados por el Ministerio de Educaci\u00f3n por cursos aprobados y tambi\u00e9n se les tramitar\u00e1n el diplomado a la direcci\u00f3n departamenteal de educaci\u00f3n extraescolar.<\/p>\n<p>La inscripci\u00f3n es de <strong>Q 50.00<\/strong> y la colegiatura es de <strong>Q 100.00<\/strong><\/p>\n<ul>\n<li>T\u00e9cnico en Mantenimiento y Reparaci\u00f3n de Computadoras <b>Port\u00e1tiles y de Escritorios<\/b><\/li>\n<\/ul>\n<p>En este diplomado los estudiantes desarrollar\u00e1n los siguientes temas:<\/p>\n<p>Introducci\u00f3n a la PC.<\/p>\n<p>Componentes de una PC.<\/p>\n<p>Placa base-Motherboard.<\/p>\n<p>Tipos de Gabinetes.<\/p>\n<p>Tipos de Fuentes.<\/p>\n<p>Tarjetas de Sonido.<\/p>\n<p>Codecs.<\/p>\n<p>Reparaci\u00f3n de Impresoras<\/p>\n<p>Formateo de Discos.<\/p>\n<p>Instalaci\u00f3n de Windows 7<\/p>\n<p>Instalaci\u00f3n de Linux<\/p>\n<p>Instalaci\u00f3n de Windows 8<\/p>\n<p>Reparaci\u00f3n de Discos Duros.<\/p>\n<p>Configuraci\u00f3n de Red.<\/p>\n<p>Configuraci\u00f3n de Router.<\/p>\n<p>Soldadura de componentes a la Placa base-Motherboard.<\/p>\n<p style=\"text-align: justify;\">La capacitaci\u00f3n tiene una duraci\u00f3n de once meses empezando de enero hasta el mes de noviembre y\u00a0 se les acreditar\u00e1n Diplomas firmados por el Ministerio de Educaci\u00f3n por cursos aprobados y tambi\u00e9n se les tramitar\u00e1n el diplomado a la direcci\u00f3n departamenteal de educaci\u00f3n extraescolar.<\/p>\n<p>\u00c1rea_1 Mantenimiento de Computadoras Port\u00e1tiles y de Escritorios.<\/p>\n<p>\u00c1rea_2 Reparaci\u00f3n de Computadoras Port\u00e1tiles y de Escritorios.<\/p>\n<p>La inscripci\u00f3n es de <strong>Q 50.00<\/strong> y la colegiatura es de <strong>Q 100.00<\/strong><\/p>\n<ul>\n<li><strong>\u00a0T\u00e9cnico en Programaci\u00f3n<\/strong><\/li>\n<\/ul>\n<p style=\"text-align: justify;\">En este diplomado los estudiantes aprender\u00e1n a dominar los cursos de Microsoft Visual Basic, Visual FoxPro, Visual C++ Visual Java y Pascal, la capacitaci\u00f3n tiene una duraci\u00f3n de diesiocho meses empezando desde el mes de enero hasta el mes de noviembre, se les acreditar\u00e1n Diplomas firmados por el Ministerio de Educaci\u00f3n por cursos aprobados y tambi\u00e9n se les tramitar\u00e1n el diplomado a la direcci\u00f3n departamenteal de educaci\u00f3n extraescolar.<\/p>\n<p>La inscripci\u00f3n es de <strong>Q 50.00<\/strong> y la colegiatura es de <strong>Q 100.00<\/strong><\/p>\n<ul>\n<li>\u00a0T\u00e9cnico en Redes y Cableado Estructurado<\/li>\n<\/ul>\n<p>En este diplomado los estudiantes desarrollar\u00e1n los siguientes temas:<\/p>\n<p>Medio de redes<\/p>\n<p>Elementos b\u00e1sicos para configurar Routing<\/p>\n<p>Protocolos de Routing<\/p>\n<p>Conceptos de TCP\/IP<\/p>\n<p>Destrezas para solucionar problemas de redes<\/p>\n<p>Configuraci\u00f3n de switches<\/p>\n<p>LANs<\/p>\n<p>CCNA4 Capacidades en Tecnolog\u00edas WAN<\/p>\n<p>Tecnolog\u00edas emergentes<\/p>\n<p>Cableado Vertical<\/p>\n<p>Cableado Horizontal<\/p>\n<p>Cableado por zonas<\/p>\n<p>Fibra \u00d3ptica<\/p>\n<p>Conexi\u00f3n de gabinetes para Core<\/p>\n<p>Conexi\u00f3n de gabinetes de acceso y servidores<\/p>\n<p style=\"text-align: justify;\">La capacitaci\u00f3n tiene una duraci\u00f3n de once meses empezando de enero hasta el mes de noviembre y\u00a0 se les acreditar\u00e1n Diplomas firmados por el Ministerio de Educaci\u00f3n por cursos aprobados y tambi\u00e9n se les tramitar\u00e1n el diplomado a la direcci\u00f3n departamenteal de educaci\u00f3n extraescolar.<\/p>\n<p>\u00c1rea_1 Redes sociales.<\/p>\n<p>\u00c1rea_2 Redes cableados.<\/p>\n<p>La inscripci\u00f3n es de <strong>Q 50.00<\/strong> y la colegiatura es de <strong>Q 100.00<\/strong><\/p>\n<p><strong>Una muestra de nuestros Diplomas Certificados por el Ministerio de Educaci\u00f3n\u00a0<\/strong><\/p>\n<p><a href=\"http:\/\/computaciontoliman.com\/wp-content\/uploads\/2013\/12\/diplomados.gif\"><img loading=\"lazy\" decoding=\"async\" src=\"http:\/\/computaciontoliman.com\/wp-content\/uploads\/2013\/12\/diplomados.gif\" alt=\"diplomados\" width=\"609\" height=\"923\" \/><\/a><\/p>\n","protected":false},"excerpt":{"rendered":"<p>Tecnolog\u00edas de la Informaci\u00f3n y la Comunicaci\u00f3n TIC Mecanograf\u00eda B\u00e1sica Mecan\u00f3grafo Computarizado T\u00e9cnico en Computaci\u00f3n B\u00e1sica T\u00e9cnico Operador de Computadoras T\u00e9cnico en Dise\u00f1o Gr\u00e1fico T\u00e9cnico en Dise\u00f1o de P\u00e1ginas Web T\u00e9cnico en Mantenimiento y Reparaci\u00f3n de Computadoras Port\u00e1tiles y de Escritorios T\u00e9cnico en Programaci\u00f3n T\u00e9cnico en Redes y Cableado Estructurado ESTOS SON LOS CONTENIDOS DE\u2026 <span class=\"read-more\"><a href=\"https:\/\/computaciontoliman.com\/?page_id=46\">Leer m\u00e1s &raquo;<\/a><\/span><\/p>\n","protected":false},"author":1,"featured_media":117,"parent":0,"menu_order":0,"comment_status":"open","ping_status":"open","template":"","meta":{"footnotes":""},"class_list":["post-46","page","type-page","status-publish","has-post-thumbnail","hentry"],"_links":{"self":[{"href":"https:\/\/computaciontoliman.com\/index.php?rest_route=\/wp\/v2\/pages\/46","targetHints":{"allow":["GET"]}}],"collection":[{"href":"https:\/\/computaciontoliman.com\/index.php?rest_route=\/wp\/v2\/pages"}],"about":[{"href":"https:\/\/computaciontoliman.com\/index.php?rest_route=\/wp\/v2\/types\/page"}],"author":[{"embeddable":true,"href":"https:\/\/computaciontoliman.com\/index.php?rest_route=\/wp\/v2\/users\/1"}],"replies":[{"embeddable":true,"href":"https:\/\/computaciontoliman.com\/index.php?rest_route=%2Fwp%2Fv2%2Fcomments&post=46"}],"version-history":[{"count":18,"href":"https:\/\/computaciontoliman.com\/index.php?rest_route=\/wp\/v2\/pages\/46\/revisions"}],"predecessor-version":[{"id":441,"href":"https:\/\/computaciontoliman.com\/index.php?rest_route=\/wp\/v2\/pages\/46\/revisions\/441"}],"wp:featuredmedia":[{"embeddable":true,"href":"https:\/\/computaciontoliman.com\/index.php?rest_route=\/wp\/v2\/media\/117"}],"wp:attachment":[{"href":"https:\/\/computaciontoliman.com\/index.php?rest_route=%2Fwp%2Fv2%2Fmedia&parent=46"}],"curies":[{"name":"wp","href":"https:\/\/api.w.org\/{rel}","templated":true}]}}