{"id":462,"date":"2020-10-09T16:08:47","date_gmt":"2020-10-09T16:08:47","guid":{"rendered":"http:\/\/computaciontoliman.com\/?page_id=462"},"modified":"2020-12-07T23:19:45","modified_gmt":"2020-12-07T23:19:45","slug":"miembros","status":"publish","type":"page","link":"https:\/\/computaciontoliman.com\/?page_id=462","title":{"rendered":"Iniciar sesi\u00f3n"},"content":{"rendered":"<p>Para ver el contenido, introduce tu contrase\u00f1a a continuaci\u00f3n:<br \/>\n<form ID=\"smartPWLogin\" method=\"post\" action=\"https:\/\/computaciontoliman.com\/?page_id=462\" >\n\t<input class=\"requiredField\" type=\"password\" name=\"smartPassword\" id=\"smartPassword\" value=\"\"\/>\n\t<input type=\"hidden\" name=\"smartParent\" value=\"462\" \/>\n\t<input type=\"hidden\" name=\"smartPWPage_nonce\" value=\"71b898f842\" \/>\n\t<input type=\"submit\" value=\"Enter\" \/>\n<\/form>\n<\/p>\n","protected":false},"excerpt":{"rendered":"<p>Para ver el contenido, introduce tu contrase\u00f1a a continuaci\u00f3n:<\/p>\n","protected":false},"author":2,"featured_media":0,"parent":481,"menu_order":0,"comment_status":"closed","ping_status":"closed","template":"","meta":{"footnotes":""},"class_list":["post-462","page","type-page","status-publish","hentry"],"_links":{"self":[{"href":"https:\/\/computaciontoliman.com\/index.php?rest_route=\/wp\/v2\/pages\/462","targetHints":{"allow":["GET"]}}],"collection":[{"href":"https:\/\/computaciontoliman.com\/index.php?rest_route=\/wp\/v2\/pages"}],"about":[{"href":"https:\/\/computaciontoliman.com\/index.php?rest_route=\/wp\/v2\/types\/page"}],"author":[{"embeddable":true,"href":"https:\/\/computaciontoliman.com\/index.php?rest_route=\/wp\/v2\/users\/2"}],"replies":[{"embeddable":true,"href":"https:\/\/computaciontoliman.com\/index.php?rest_route=%2Fwp%2Fv2%2Fcomments&post=462"}],"version-history":[{"count":9,"href":"https:\/\/computaciontoliman.com\/index.php?rest_route=\/wp\/v2\/pages\/462\/revisions"}],"predecessor-version":[{"id":705,"href":"https:\/\/computaciontoliman.com\/index.php?rest_route=\/wp\/v2\/pages\/462\/revisions\/705"}],"up":[{"embeddable":true,"href":"https:\/\/computaciontoliman.com\/index.php?rest_route=\/wp\/v2\/pages\/481"}],"wp:attachment":[{"href":"https:\/\/computaciontoliman.com\/index.php?rest_route=%2Fwp%2Fv2%2Fmedia&parent=462"}],"curies":[{"name":"wp","href":"https:\/\/api.w.org\/{rel}","templated":true}]}}