{"id":5282,"date":"2025-03-21T17:16:21","date_gmt":"2025-03-21T17:16:21","guid":{"rendered":"https:\/\/computaciontoliman.com\/?page_id=5282"},"modified":"2025-03-21T18:48:29","modified_gmt":"2025-03-21T18:48:29","slug":"inicio","status":"publish","type":"page","link":"https:\/\/computaciontoliman.com\/","title":{"rendered":"Inicio"},"content":{"rendered":"<div class=\"netronica-content-layout-wrapper layout-item-0\">\n<div class=\"netronica-content-layout\">\n<div class=\"netronica-content-layout-row\">\n<div class=\"netronica-layout-cell layout-item-1\" style=\"width: 99%;\">\n<p style=\"text-align: justify;\">Estimado lector, cordial saludo y bienvenido a nuestra web. La Academia de Computaci\u00f3n Tolim\u00e1n, fue fundada en el a\u00f1o 2005. En el a\u00f1o 2013 se convirti\u00f3 a un Centro de Aprendizaje de Tecnolog\u00edas de la Informaci\u00f3n y la Comunicaci\u00f3n, brindando el curso de Tecnolog\u00edas para los grados de primero, segundo y tercero b\u00e1sico, actualmente la Academia cuenta con diez tipos de servicios con varios profesores y profesoras acompa\u00f1ando a los estudiantes ingresados a cada diplomado. El sistema de ense\u00f1anza de la Academia es personalizada, esto quiere decir que el estudiante ingresado siempre tendr\u00e1 a un maestro o maestra que estar\u00e1 acompa\u00f1ando en el proceso de su aprendizaje. Una de las principales \u00e1reas de la Academia es la programaci\u00f3n, preparando a los estudiantes que quieren optar por la carrera de Ingenier\u00eda en Sistemas, vea el siguiente v\u00eddeo de todos los diplomados.<\/p>\n<p><iframe loading=\"lazy\" title=\"Inscripciones 2025 Academia Tolim\u00e1n\" width=\"665\" height=\"374\" src=\"https:\/\/www.youtube.com\/embed\/MP7e4AEX1Y8?feature=oembed\" frameborder=\"0\" allow=\"accelerometer; autoplay; clipboard-write; encrypted-media; gyroscope; picture-in-picture; web-share\" referrerpolicy=\"strict-origin-when-cross-origin\" allowfullscreen><\/iframe><\/p>\n<h3>Tutorial para ingresar a la p\u00e1gina:<\/h3>\n<p><iframe loading=\"lazy\" width=\"640\" height=\"360\" frameborder=\"0\" src=\"https:\/\/mega.nz\/embed\/t9RThAgD#TTHjjatvGIYNgokBjgUdDj9DH8Znsdp5IeKrKTd3kgk\" allowfullscreen=\"\"><\/iframe><\/p>\n<h3>Nuestras carreras:<\/h3>\n<p style=\"text-align: justify;\">Nuestros Diplomados son impartidos por expertos en cada \u00e1rea. Son personas eficientes brindando una educaci\u00f3n personalizada, para formar personas de \u00e9xitos enfoc\u00e1ndose a trav\u00e9s de la pr\u00e1ctica y experiencias.<\/p>\n<p style=\"text-align: justify;\">Contamos con libros de textos exclusivos de la Academia para la formaci\u00f3n de los estudiantes, todos los libros coinciden con las versiones de los paquetes de Software que contienen las computadoras, por lo mismo garantiza una mejor ense\u00f1anza a los estudiantes ingresados de la Academia de Computaci\u00f3n.<\/p>\n<div class=\"netronica-layout-cell layout-item-1\" style=\"width: 100%;\"><img loading=\"lazy\" decoding=\"async\" class=\"wp-image-70 aligncenter\" src=\"http:\/\/computaciontoliman.com\/wp-content\/uploads\/2013\/12\/Computaci\u00f3n-TOLIM\u00c1N.gif\" alt=\"TOLIMAN 066\" width=\"645\" height=\"475\"\/><\/div>\n<h3>Inscripciones:<\/h3>\n<p style=\"text-align: justify;\">Las inscripciones para los cursos de Tecnolog\u00edas de la informaci\u00f3n y la Comunicaci\u00f3n TIC y Mecanograf\u00eda B\u00e1sica se iniciar\u00e1 del mes de enero a marzo, en cuento a los dem\u00e1s diplomados tambi\u00e9n de enero a marzo pero se tiene la posibilidad de inscripci\u00f3n en cualquier mes, despu\u00e9s de las inscripciones oficiales ya que son cursos libres con duraci\u00f3n de tres a cuatro meses.<\/p>\n<p>Tecnolog\u00edas de la Informaci\u00f3n y la Comunicaci\u00f3n TIC<br \/>\nMecanograf\u00eda B\u00e1sica<br \/>\nMecan\u00f3grafo Computarizado<br \/>\nT\u00e9cnico en Computaci\u00f3n B\u00e1sica<br \/>\nT\u00e9cnico Operador de Computadoras<br \/>\nT\u00e9cnico en Dise\u00f1o Gr\u00e1fico<br \/>\nT\u00e9cnico en Dise\u00f1o de P\u00e1ginas Web<br \/>\nT\u00e9cnico en Mantenimiento y Reparaci\u00f3n de PC Port\u00e1tiles y de Escritorios<br \/>\nT\u00e9cnico en Programaci\u00f3n<br \/>\nT\u00e9cnico en Redes y Cableado Estructurado<\/p><\/div>\n<\/div>\n<\/div>\n<\/div>\n<h2>DIPLOMAS Y CERTIFICADOS<\/h2>\n<div class=\"netronica-layout-cell layout-item-1\" style=\"width: 100%;\"><img loading=\"lazy\" decoding=\"async\" class=\"wp-image-70 aligncenter\" src=\"https:\/\/computaciontoliman.com\/wp-content\/uploads\/2023\/12\/DIPLOMA-2023-BORDE.jpg\" alt=\"TOLIMAN 066\" width=\"645\" height=\"475\"\/><\/div>\n<div class=\"netronica-layout-cell layout-item-1\" style=\"width: 100%;\"><img loading=\"lazy\" decoding=\"async\" class=\"wp-image-70 aligncenter\" src=\"https:\/\/computaciontoliman.com\/wp-content\/uploads\/2023\/12\/CERTIFICADO-2023-BORDE.jpg\" alt=\"TOLIMAN 066\" width=\"645\" height=\"475\"\/><\/div>\n","protected":false},"excerpt":{"rendered":"<p>Estimado lector, cordial saludo y bienvenido a nuestra web. La Academia de Computaci\u00f3n Tolim\u00e1n, fue fundada en el a\u00f1o 2005. En el a\u00f1o 2013 se convirti\u00f3 a un Centro de Aprendizaje de Tecnolog\u00edas de la Informaci\u00f3n y la Comunicaci\u00f3n, brindando el curso de Tecnolog\u00edas para los grados de primero, segundo y tercero b\u00e1sico, actualmente la\u2026 <span class=\"read-more\"><a href=\"https:\/\/computaciontoliman.com\/\">Leer m\u00e1s &raquo;<\/a><\/span><\/p>\n","protected":false},"author":2,"featured_media":0,"parent":0,"menu_order":0,"comment_status":"closed","ping_status":"closed","template":"","meta":{"footnotes":""},"class_list":["post-5282","page","type-page","status-publish","hentry"],"_links":{"self":[{"href":"https:\/\/computaciontoliman.com\/index.php?rest_route=\/wp\/v2\/pages\/5282","targetHints":{"allow":["GET"]}}],"collection":[{"href":"https:\/\/computaciontoliman.com\/index.php?rest_route=\/wp\/v2\/pages"}],"about":[{"href":"https:\/\/computaciontoliman.com\/index.php?rest_route=\/wp\/v2\/types\/page"}],"author":[{"embeddable":true,"href":"https:\/\/computaciontoliman.com\/index.php?rest_route=\/wp\/v2\/users\/2"}],"replies":[{"embeddable":true,"href":"https:\/\/computaciontoliman.com\/index.php?rest_route=%2Fwp%2Fv2%2Fcomments&post=5282"}],"version-history":[{"count":9,"href":"https:\/\/computaciontoliman.com\/index.php?rest_route=\/wp\/v2\/pages\/5282\/revisions"}],"predecessor-version":[{"id":5307,"href":"https:\/\/computaciontoliman.com\/index.php?rest_route=\/wp\/v2\/pages\/5282\/revisions\/5307"}],"wp:attachment":[{"href":"https:\/\/computaciontoliman.com\/index.php?rest_route=%2Fwp%2Fv2%2Fmedia&parent=5282"}],"curies":[{"name":"wp","href":"https:\/\/api.w.org\/{rel}","templated":true}]}}