{"id":701,"date":"2020-12-07T23:00:55","date_gmt":"2020-12-07T23:00:55","guid":{"rendered":"http:\/\/computaciontoliman.com\/?page_id=701"},"modified":"2020-12-07T23:00:56","modified_gmt":"2020-12-07T23:00:56","slug":"cerrar-sesion","status":"publish","type":"page","link":"https:\/\/computaciontoliman.com\/?page_id=701","title":{"rendered":"Cerrar sesi\u00f3n"},"content":{"rendered":"<p>Has cerrado sesi\u00f3n, puedes continuar haciendo clic en otra pesta\u00f1a o iniciar nuevamente la sesi\u00f3n.<\/p>\n","protected":false},"excerpt":{"rendered":"<p>Has cerrado sesi\u00f3n, puedes continuar haciendo clic en otra pesta\u00f1a o iniciar nuevamente la sesi\u00f3n.<\/p>\n","protected":false},"author":2,"featured_media":0,"parent":0,"menu_order":0,"comment_status":"closed","ping_status":"closed","template":"","meta":{"footnotes":""},"class_list":["post-701","page","type-page","status-publish","hentry"],"_links":{"self":[{"href":"https:\/\/computaciontoliman.com\/index.php?rest_route=\/wp\/v2\/pages\/701","targetHints":{"allow":["GET"]}}],"collection":[{"href":"https:\/\/computaciontoliman.com\/index.php?rest_route=\/wp\/v2\/pages"}],"about":[{"href":"https:\/\/computaciontoliman.com\/index.php?rest_route=\/wp\/v2\/types\/page"}],"author":[{"embeddable":true,"href":"https:\/\/computaciontoliman.com\/index.php?rest_route=\/wp\/v2\/users\/2"}],"replies":[{"embeddable":true,"href":"https:\/\/computaciontoliman.com\/index.php?rest_route=%2Fwp%2Fv2%2Fcomments&post=701"}],"version-history":[{"count":1,"href":"https:\/\/computaciontoliman.com\/index.php?rest_route=\/wp\/v2\/pages\/701\/revisions"}],"predecessor-version":[{"id":702,"href":"https:\/\/computaciontoliman.com\/index.php?rest_route=\/wp\/v2\/pages\/701\/revisions\/702"}],"wp:attachment":[{"href":"https:\/\/computaciontoliman.com\/index.php?rest_route=%2Fwp%2Fv2%2Fmedia&parent=701"}],"curies":[{"name":"wp","href":"https:\/\/api.w.org\/{rel}","templated":true}]}}