{"id":770,"date":"2020-12-10T20:54:39","date_gmt":"2020-12-10T20:54:39","guid":{"rendered":"http:\/\/computaciontoliman.com\/?page_id=770"},"modified":"2025-03-21T18:51:46","modified_gmt":"2025-03-21T18:51:46","slug":"directorio","status":"publish","type":"page","link":"https:\/\/computaciontoliman.com\/?page_id=770","title":{"rendered":"Directorio"},"content":{"rendered":"<p>Inicio<br \/>\nDiplomados<br \/>\nCont\u00e1ctenos<br \/>\nEvaluaciones (Iniciar sesi\u00f3n)<br \/>\nRecursos (Iniciar sesi\u00f3n)<br \/>\nTramites<br \/>\nMecanograf\u00eda (sala virtual)<br \/>\nTIC (sala virtual)<br \/>\nComputaci\u00f3n-Dise\u00f1o Gr\u00e1fico\\Dise\u00f1o Web-Programaci\u00f3n (sala virtual)<br \/>\nMantenimiento y Reparaci\u00f3n de PC (sala virtual)<br \/>\nBase de datos<br \/>\nAdministraci\u00f3n<br \/>\nP\u00e1gina de login<br \/>\nMantenimiento<br \/>\nHistoria<br \/>\nDirectorio<br \/>\nEnlaces de inter\u00e9s (Sub-men\u00fa Calendario, Galer\u00eda de im\u00e1genes, Recursos, Evaluaciones bimestrales, Sesi\u00f3n virtual, Testimonios)<br \/>\nCalendario\\Eva-Instructores<br \/>\nRecursos de mantenimiento de PC<br \/>\nSesi\u00f3n virtual<br \/>\nIniciar sesi\u00f3n<br \/>\nCerrar sesi\u00f3n<\/p>\n","protected":false},"excerpt":{"rendered":"<p>Inicio Diplomados Cont\u00e1ctenos Evaluaciones (Iniciar sesi\u00f3n) Recursos (Iniciar sesi\u00f3n) Tramites Mecanograf\u00eda (sala virtual) TIC (sala virtual) Computaci\u00f3n-Dise\u00f1o Gr\u00e1fico\\Dise\u00f1o Web-Programaci\u00f3n (sala virtual) Mantenimiento y Reparaci\u00f3n de PC (sala virtual) Base de datos Administraci\u00f3n P\u00e1gina de login Mantenimiento Historia Directorio Enlaces de inter\u00e9s (Sub-men\u00fa Calendario, Galer\u00eda de im\u00e1genes, Recursos, Evaluaciones bimestrales, Sesi\u00f3n virtual, Testimonios) Calendario\\Eva-Instructores Recursos de\u2026 <span class=\"read-more\"><a href=\"https:\/\/computaciontoliman.com\/?page_id=770\">Leer m\u00e1s &raquo;<\/a><\/span><\/p>\n","protected":false},"author":2,"featured_media":0,"parent":0,"menu_order":0,"comment_status":"closed","ping_status":"closed","template":"","meta":{"footnotes":""},"class_list":["post-770","page","type-page","status-publish","hentry"],"_links":{"self":[{"href":"https:\/\/computaciontoliman.com\/index.php?rest_route=\/wp\/v2\/pages\/770","targetHints":{"allow":["GET"]}}],"collection":[{"href":"https:\/\/computaciontoliman.com\/index.php?rest_route=\/wp\/v2\/pages"}],"about":[{"href":"https:\/\/computaciontoliman.com\/index.php?rest_route=\/wp\/v2\/types\/page"}],"author":[{"embeddable":true,"href":"https:\/\/computaciontoliman.com\/index.php?rest_route=\/wp\/v2\/users\/2"}],"replies":[{"embeddable":true,"href":"https:\/\/computaciontoliman.com\/index.php?rest_route=%2Fwp%2Fv2%2Fcomments&post=770"}],"version-history":[{"count":49,"href":"https:\/\/computaciontoliman.com\/index.php?rest_route=\/wp\/v2\/pages\/770\/revisions"}],"predecessor-version":[{"id":5308,"href":"https:\/\/computaciontoliman.com\/index.php?rest_route=\/wp\/v2\/pages\/770\/revisions\/5308"}],"wp:attachment":[{"href":"https:\/\/computaciontoliman.com\/index.php?rest_route=%2Fwp%2Fv2%2Fmedia&parent=770"}],"curies":[{"name":"wp","href":"https:\/\/api.w.org\/{rel}","templated":true}]}}